{"id":9062,"date":"2021-09-13T14:26:09","date_gmt":"2021-09-13T13:26:09","guid":{"rendered":"https:\/\/aktynolit.eu\/?page_id=9062"},"modified":"2022-01-14T13:37:08","modified_gmt":"2022-01-14T12:37:08","slug":"bransoletki","status":"publish","type":"page","link":"https:\/\/jubileraktynolit.com\/index.php\/oferta\/bransoletki\/","title":{"rendered":"Bransoletki"},"content":{"rendered":"<p>[vc_row el_class=&#8221;custom-content-main&#8221;][vc_column][vc_masonry_media_grid style=&#8221;lazy&#8221; element_width=&#8221;2&#8243; item=&#8221;masonryMedia_ScaleWithContentBlock&#8221; grid_id=&#8221;vc_gid:1642163806091-5a6eccb7-b48b-0&#8243; include=&#8221;9774,9775,9776,9777,9778,9779,9780,9781,9782,9783,9784,9785,9786,9787,9788,9789,9790,9791&#8243;][\/vc_column][\/vc_row]<\/p>\n","protected":false},"excerpt":{"rendered":"<p>[vc_row el_class=&#8221;custom-content-main&#8221;][vc_column][vc_masonry_media_grid style=&#8221;lazy&#8221; element_width=&#8221;2&#8243; item=&#8221;masonryMedia_ScaleWithContentBlock&#8221; grid_id=&#8221;vc_gid:1642163806091-5a6eccb7-b48b-0&#8243; include=&#8221;9774,9775,9776,9777,9778,9779,9780,9781,9782,9783,9784,9785,9786,9787,9788,9789,9790,9791&#8243;][\/vc_column][\/vc_row]<\/p>\n","protected":false},"author":1,"featured_media":0,"parent":483,"menu_order":0,"comment_status":"closed","ping_status":"closed","template":"","meta":{"_monsterinsights_skip_tracking":false,"_monsterinsights_sitenote_active":false,"_monsterinsights_sitenote_note":"","_monsterinsights_sitenote_category":0,"footnotes":""},"class_list":["post-9062","page","type-page","status-publish","hentry"],"yoast_head":"<!-- This site is optimized with the Yoast SEO plugin v25.2 - https:\/\/yoast.com\/wordpress\/plugins\/seo\/ -->\n<title>Bransoletki - Jubiler Gliwice AKTYNOLIT<\/title>\n<meta name=\"robots\" content=\"index, follow, max-snippet:-1, max-image-preview:large, max-video-preview:-1\" \/>\n<link rel=\"canonical\" href=\"https:\/\/jubileraktynolit.com\/index.php\/oferta\/bransoletki\/\" \/>\n<meta property=\"og:locale\" content=\"pl_PL\" \/>\n<meta property=\"og:type\" content=\"article\" \/>\n<meta property=\"og:title\" content=\"Bransoletki - Jubiler Gliwice AKTYNOLIT\" \/>\n<meta property=\"og:description\" content=\"[vc_row el_class=&#8221;custom-content-main&#8221;][vc_column][vc_masonry_media_grid style=&#8221;lazy&#8221; element_width=&#8221;2&#8243; item=&#8221;masonryMedia_ScaleWithContentBlock&#8221; grid_id=&#8221;vc_gid:1642163806091-5a6eccb7-b48b-0&#8243; include=&#8221;9774,9775,9776,9777,9778,9779,9780,9781,9782,9783,9784,9785,9786,9787,9788,9789,9790,9791&#8243;][\/vc_column][\/vc_row]\" \/>\n<meta property=\"og:url\" content=\"https:\/\/jubileraktynolit.com\/index.php\/oferta\/bransoletki\/\" \/>\n<meta property=\"og:site_name\" content=\"Jubiler Gliwice AKTYNOLIT\" \/>\n<meta property=\"article:modified_time\" content=\"2022-01-14T12:37:08+00:00\" \/>\n<meta name=\"twitter:card\" content=\"summary_large_image\" \/>\n<meta name=\"twitter:label1\" content=\"Szacowany czas czytania\" \/>\n\t<meta name=\"twitter:data1\" content=\"1 minuta\" \/>\n<script type=\"application\/ld+json\" class=\"yoast-schema-graph\">{\"@context\":\"https:\/\/schema.org\",\"@graph\":[{\"@type\":\"WebPage\",\"@id\":\"https:\/\/jubileraktynolit.com\/index.php\/oferta\/bransoletki\/\",\"url\":\"https:\/\/jubileraktynolit.com\/index.php\/oferta\/bransoletki\/\",\"name\":\"Bransoletki - Jubiler Gliwice AKTYNOLIT\",\"isPartOf\":{\"@id\":\"https:\/\/jubileraktynolit.com\/#website\"},\"datePublished\":\"2021-09-13T13:26:09+00:00\",\"dateModified\":\"2022-01-14T12:37:08+00:00\",\"breadcrumb\":{\"@id\":\"https:\/\/jubileraktynolit.com\/index.php\/oferta\/bransoletki\/#breadcrumb\"},\"inLanguage\":\"pl-PL\",\"potentialAction\":[{\"@type\":\"ReadAction\",\"target\":[\"https:\/\/jubileraktynolit.com\/index.php\/oferta\/bransoletki\/\"]}]},{\"@type\":\"BreadcrumbList\",\"@id\":\"https:\/\/jubileraktynolit.com\/index.php\/oferta\/bransoletki\/#breadcrumb\",\"itemListElement\":[{\"@type\":\"ListItem\",\"position\":1,\"name\":\"Home\",\"item\":\"https:\/\/jubileraktynolit.com\/\"},{\"@type\":\"ListItem\",\"position\":2,\"name\":\"Oferta\",\"item\":\"https:\/\/jubileraktynolit.com\/index.php\/oferta\/\"},{\"@type\":\"ListItem\",\"position\":3,\"name\":\"Bransoletki\"}]},{\"@type\":\"WebSite\",\"@id\":\"https:\/\/jubileraktynolit.com\/#website\",\"url\":\"https:\/\/jubileraktynolit.com\/\",\"name\":\"Jubiler Gliwice AKTYNOLIT\",\"description\":\"Obr\u0105czki, Z\u0142oto, Srebro, Pier\u015bcionki, Pier\u015bcionki zar\u0119czynowe, Obr\u0105czki \u015blubne, Kolczyki, Wisiorki, Bransolety, Bransoletki, Z\u0142ote, Naprawa Z\u0142ota, Naprawa Srebra, \u0141a\u0144cuszki\",\"potentialAction\":[{\"@type\":\"SearchAction\",\"target\":{\"@type\":\"EntryPoint\",\"urlTemplate\":\"https:\/\/jubileraktynolit.com\/?s={search_term_string}\"},\"query-input\":{\"@type\":\"PropertyValueSpecification\",\"valueRequired\":true,\"valueName\":\"search_term_string\"}}],\"inLanguage\":\"pl-PL\"}]}<\/script>\n<!-- \/ Yoast SEO plugin. -->","yoast_head_json":{"title":"Bransoletki - Jubiler Gliwice AKTYNOLIT","robots":{"index":"index","follow":"follow","max-snippet":"max-snippet:-1","max-image-preview":"max-image-preview:large","max-video-preview":"max-video-preview:-1"},"canonical":"https:\/\/jubileraktynolit.com\/index.php\/oferta\/bransoletki\/","og_locale":"pl_PL","og_type":"article","og_title":"Bransoletki - Jubiler Gliwice AKTYNOLIT","og_description":"[vc_row el_class=&#8221;custom-content-main&#8221;][vc_column][vc_masonry_media_grid style=&#8221;lazy&#8221; element_width=&#8221;2&#8243; item=&#8221;masonryMedia_ScaleWithContentBlock&#8221; grid_id=&#8221;vc_gid:1642163806091-5a6eccb7-b48b-0&#8243; include=&#8221;9774,9775,9776,9777,9778,9779,9780,9781,9782,9783,9784,9785,9786,9787,9788,9789,9790,9791&#8243;][\/vc_column][\/vc_row]","og_url":"https:\/\/jubileraktynolit.com\/index.php\/oferta\/bransoletki\/","og_site_name":"Jubiler Gliwice AKTYNOLIT","article_modified_time":"2022-01-14T12:37:08+00:00","twitter_card":"summary_large_image","twitter_misc":{"Szacowany czas czytania":"1 minuta"},"schema":{"@context":"https:\/\/schema.org","@graph":[{"@type":"WebPage","@id":"https:\/\/jubileraktynolit.com\/index.php\/oferta\/bransoletki\/","url":"https:\/\/jubileraktynolit.com\/index.php\/oferta\/bransoletki\/","name":"Bransoletki - Jubiler Gliwice AKTYNOLIT","isPartOf":{"@id":"https:\/\/jubileraktynolit.com\/#website"},"datePublished":"2021-09-13T13:26:09+00:00","dateModified":"2022-01-14T12:37:08+00:00","breadcrumb":{"@id":"https:\/\/jubileraktynolit.com\/index.php\/oferta\/bransoletki\/#breadcrumb"},"inLanguage":"pl-PL","potentialAction":[{"@type":"ReadAction","target":["https:\/\/jubileraktynolit.com\/index.php\/oferta\/bransoletki\/"]}]},{"@type":"BreadcrumbList","@id":"https:\/\/jubileraktynolit.com\/index.php\/oferta\/bransoletki\/#breadcrumb","itemListElement":[{"@type":"ListItem","position":1,"name":"Home","item":"https:\/\/jubileraktynolit.com\/"},{"@type":"ListItem","position":2,"name":"Oferta","item":"https:\/\/jubileraktynolit.com\/index.php\/oferta\/"},{"@type":"ListItem","position":3,"name":"Bransoletki"}]},{"@type":"WebSite","@id":"https:\/\/jubileraktynolit.com\/#website","url":"https:\/\/jubileraktynolit.com\/","name":"Jubiler Gliwice AKTYNOLIT","description":"Obr\u0105czki, Z\u0142oto, Srebro, Pier\u015bcionki, Pier\u015bcionki zar\u0119czynowe, Obr\u0105czki \u015blubne, Kolczyki, Wisiorki, Bransolety, Bransoletki, Z\u0142ote, Naprawa Z\u0142ota, Naprawa Srebra, \u0141a\u0144cuszki","potentialAction":[{"@type":"SearchAction","target":{"@type":"EntryPoint","urlTemplate":"https:\/\/jubileraktynolit.com\/?s={search_term_string}"},"query-input":{"@type":"PropertyValueSpecification","valueRequired":true,"valueName":"search_term_string"}}],"inLanguage":"pl-PL"}]}},"jetpack_sharing_enabled":true,"_links":{"self":[{"href":"https:\/\/jubileraktynolit.com\/index.php\/wp-json\/wp\/v2\/pages\/9062","targetHints":{"allow":["GET"]}}],"collection":[{"href":"https:\/\/jubileraktynolit.com\/index.php\/wp-json\/wp\/v2\/pages"}],"about":[{"href":"https:\/\/jubileraktynolit.com\/index.php\/wp-json\/wp\/v2\/types\/page"}],"author":[{"embeddable":true,"href":"https:\/\/jubileraktynolit.com\/index.php\/wp-json\/wp\/v2\/users\/1"}],"replies":[{"embeddable":true,"href":"https:\/\/jubileraktynolit.com\/index.php\/wp-json\/wp\/v2\/comments?post=9062"}],"version-history":[{"count":7,"href":"https:\/\/jubileraktynolit.com\/index.php\/wp-json\/wp\/v2\/pages\/9062\/revisions"}],"predecessor-version":[{"id":9794,"href":"https:\/\/jubileraktynolit.com\/index.php\/wp-json\/wp\/v2\/pages\/9062\/revisions\/9794"}],"up":[{"embeddable":true,"href":"https:\/\/jubileraktynolit.com\/index.php\/wp-json\/wp\/v2\/pages\/483"}],"wp:attachment":[{"href":"https:\/\/jubileraktynolit.com\/index.php\/wp-json\/wp\/v2\/media?parent=9062"}],"curies":[{"name":"wp","href":"https:\/\/api.w.org\/{rel}","templated":true}]}}