{"id":8982,"date":"2021-09-13T14:26:41","date_gmt":"2021-09-13T13:26:41","guid":{"rendered":"https:\/\/aktynolit.eu\/?page_id=8982"},"modified":"2022-01-14T12:54:49","modified_gmt":"2022-01-14T11:54:49","slug":"kolczyki","status":"publish","type":"page","link":"https:\/\/jubileraktynolit.com\/index.php\/oferta\/kolczyki\/","title":{"rendered":"Kolczyki"},"content":{"rendered":"<p>[vc_row el_class=&#8221;custom-content-main&#8221;][vc_column][vc_masonry_media_grid style=&#8221;lazy&#8221; element_width=&#8221;2&#8243; item=&#8221;masonryMedia_ScaleWithContentBlock&#8221; grid_id=&#8221;vc_gid:1642161009005-25617956-154f-6&#8243; include=&#8221;9617,9618,9619,9620,9621,9622,9623,9624,9625,9626,9627,9628,9629,9630,9631,9632,9633,9634,9635,9636,9637,9638,9639,9640,9641,9642,9643,9644,9645,9646,9647,9648,9649,9650,9651,9652,9653,9654,9655,9656,9657,9658,9659,9660,9661,9662,9663,9664,9665,9666,9667,9668,9669,9670,9671,9672,9673,9674,9675,9676,9677,9678,9679,9680,9681,9682,9683,9684,9685,9686,9687,9688,9689,9690,9691,9692,9693,9694,9695,9696,9697,9698,9699,9700,9701,9702,9703,9704,9705,9706,9707,9708,9709,9710,9711,9712,9713,9714,9715,9716,9717,9718,9719,9720,9721,9722,9723,9724,9725,9726,9727,9728,9729,9730,9731&#8243;][\/vc_column][\/vc_row]<\/p>\n","protected":false},"excerpt":{"rendered":"<p>[vc_row el_class=&#8221;custom-content-main&#8221;][vc_column][vc_masonry_media_grid style=&#8221;lazy&#8221; element_width=&#8221;2&#8243; item=&#8221;masonryMedia_ScaleWithContentBlock&#8221; grid_id=&#8221;vc_gid:1642161009005-25617956-154f-6&#8243; include=&#8221;9617,9618,9619,9620,9621,9622,9623,9624,9625,9626,9627,9628,9629,9630,9631,9632,9633,9634,9635,9636,9637,9638,9639,9640,9641,9642,9643,9644,9645,9646,9647,9648,9649,9650,9651,9652,9653,9654,9655,9656,9657,9658,9659,9660,9661,9662,9663,9664,9665,9666,9667,9668,9669,9670,9671,9672,9673,9674,9675,9676,9677,9678,9679,9680,9681,9682,9683,9684,9685,9686,9687,9688,9689,9690,9691,9692,9693,9694,9695,9696,9697,9698,9699,9700,9701,9702,9703,9704,9705,9706,9707,9708,9709,9710,9711,9712,9713,9714,9715,9716,9717,9718,9719,9720,9721,9722,9723,9724,9725,9726,9727,9728,9729,9730,9731&#8243;][\/vc_column][\/vc_row]<\/p>\n","protected":false},"author":1,"featured_media":0,"parent":483,"menu_order":0,"comment_status":"closed","ping_status":"closed","template":"","meta":{"_monsterinsights_skip_tracking":false,"_monsterinsights_sitenote_active":false,"_monsterinsights_sitenote_note":"","_monsterinsights_sitenote_category":0,"footnotes":""},"class_list":["post-8982","page","type-page","status-publish","hentry"],"yoast_head":"<!-- This site is optimized with the Yoast SEO plugin v25.2 - https:\/\/yoast.com\/wordpress\/plugins\/seo\/ -->\n<title>Kolczyki - Jubiler Gliwice AKTYNOLIT<\/title>\n<meta name=\"robots\" content=\"index, follow, max-snippet:-1, max-image-preview:large, max-video-preview:-1\" \/>\n<link rel=\"canonical\" href=\"https:\/\/jubileraktynolit.com\/index.php\/oferta\/kolczyki\/\" \/>\n<meta property=\"og:locale\" content=\"pl_PL\" \/>\n<meta property=\"og:type\" content=\"article\" \/>\n<meta property=\"og:title\" content=\"Kolczyki - Jubiler Gliwice AKTYNOLIT\" \/>\n<meta property=\"og:description\" content=\"[vc_row el_class=&#8221;custom-content-main&#8221;][vc_column][vc_masonry_media_grid style=&#8221;lazy&#8221; element_width=&#8221;2&#8243; item=&#8221;masonryMedia_ScaleWithContentBlock&#8221; grid_id=&#8221;vc_gid:1642161009005-25617956-154f-6&#8243; include=&#8221;9617,9618,9619,9620,9621,9622,9623,9624,9625,9626,9627,9628,9629,9630,9631,9632,9633,9634,9635,9636,9637,9638,9639,9640,9641,9642,9643,9644,9645,9646,9647,9648,9649,9650,9651,9652,9653,9654,9655,9656,9657,9658,9659,9660,9661,9662,9663,9664,9665,9666,9667,9668,9669,9670,9671,9672,9673,9674,9675,9676,9677,9678,9679,9680,9681,9682,9683,9684,9685,9686,9687,9688,9689,9690,9691,9692,9693,9694,9695,9696,9697,9698,9699,9700,9701,9702,9703,9704,9705,9706,9707,9708,9709,9710,9711,9712,9713,9714,9715,9716,9717,9718,9719,9720,9721,9722,9723,9724,9725,9726,9727,9728,9729,9730,9731&#8243;][\/vc_column][\/vc_row]\" \/>\n<meta property=\"og:url\" content=\"https:\/\/jubileraktynolit.com\/index.php\/oferta\/kolczyki\/\" \/>\n<meta property=\"og:site_name\" content=\"Jubiler Gliwice AKTYNOLIT\" \/>\n<meta property=\"article:modified_time\" content=\"2022-01-14T11:54:49+00:00\" \/>\n<meta name=\"twitter:card\" content=\"summary_large_image\" \/>\n<meta name=\"twitter:label1\" content=\"Szacowany czas czytania\" \/>\n\t<meta name=\"twitter:data1\" content=\"1 minuta\" \/>\n<script type=\"application\/ld+json\" class=\"yoast-schema-graph\">{\"@context\":\"https:\/\/schema.org\",\"@graph\":[{\"@type\":\"WebPage\",\"@id\":\"https:\/\/jubileraktynolit.com\/index.php\/oferta\/kolczyki\/\",\"url\":\"https:\/\/jubileraktynolit.com\/index.php\/oferta\/kolczyki\/\",\"name\":\"Kolczyki - Jubiler Gliwice AKTYNOLIT\",\"isPartOf\":{\"@id\":\"https:\/\/jubileraktynolit.com\/#website\"},\"datePublished\":\"2021-09-13T13:26:41+00:00\",\"dateModified\":\"2022-01-14T11:54:49+00:00\",\"breadcrumb\":{\"@id\":\"https:\/\/jubileraktynolit.com\/index.php\/oferta\/kolczyki\/#breadcrumb\"},\"inLanguage\":\"pl-PL\",\"potentialAction\":[{\"@type\":\"ReadAction\",\"target\":[\"https:\/\/jubileraktynolit.com\/index.php\/oferta\/kolczyki\/\"]}]},{\"@type\":\"BreadcrumbList\",\"@id\":\"https:\/\/jubileraktynolit.com\/index.php\/oferta\/kolczyki\/#breadcrumb\",\"itemListElement\":[{\"@type\":\"ListItem\",\"position\":1,\"name\":\"Home\",\"item\":\"https:\/\/jubileraktynolit.com\/\"},{\"@type\":\"ListItem\",\"position\":2,\"name\":\"Oferta\",\"item\":\"https:\/\/jubileraktynolit.com\/index.php\/oferta\/\"},{\"@type\":\"ListItem\",\"position\":3,\"name\":\"Kolczyki\"}]},{\"@type\":\"WebSite\",\"@id\":\"https:\/\/jubileraktynolit.com\/#website\",\"url\":\"https:\/\/jubileraktynolit.com\/\",\"name\":\"Jubiler Gliwice AKTYNOLIT\",\"description\":\"Obr\u0105czki, Z\u0142oto, Srebro, Pier\u015bcionki, Pier\u015bcionki zar\u0119czynowe, Obr\u0105czki \u015blubne, Kolczyki, Wisiorki, Bransolety, Bransoletki, Z\u0142ote, Naprawa Z\u0142ota, Naprawa Srebra, \u0141a\u0144cuszki\",\"potentialAction\":[{\"@type\":\"SearchAction\",\"target\":{\"@type\":\"EntryPoint\",\"urlTemplate\":\"https:\/\/jubileraktynolit.com\/?s={search_term_string}\"},\"query-input\":{\"@type\":\"PropertyValueSpecification\",\"valueRequired\":true,\"valueName\":\"search_term_string\"}}],\"inLanguage\":\"pl-PL\"}]}<\/script>\n<!-- \/ Yoast SEO plugin. -->","yoast_head_json":{"title":"Kolczyki - Jubiler Gliwice AKTYNOLIT","robots":{"index":"index","follow":"follow","max-snippet":"max-snippet:-1","max-image-preview":"max-image-preview:large","max-video-preview":"max-video-preview:-1"},"canonical":"https:\/\/jubileraktynolit.com\/index.php\/oferta\/kolczyki\/","og_locale":"pl_PL","og_type":"article","og_title":"Kolczyki - Jubiler Gliwice AKTYNOLIT","og_description":"[vc_row el_class=&#8221;custom-content-main&#8221;][vc_column][vc_masonry_media_grid style=&#8221;lazy&#8221; element_width=&#8221;2&#8243; item=&#8221;masonryMedia_ScaleWithContentBlock&#8221; grid_id=&#8221;vc_gid:1642161009005-25617956-154f-6&#8243; include=&#8221;9617,9618,9619,9620,9621,9622,9623,9624,9625,9626,9627,9628,9629,9630,9631,9632,9633,9634,9635,9636,9637,9638,9639,9640,9641,9642,9643,9644,9645,9646,9647,9648,9649,9650,9651,9652,9653,9654,9655,9656,9657,9658,9659,9660,9661,9662,9663,9664,9665,9666,9667,9668,9669,9670,9671,9672,9673,9674,9675,9676,9677,9678,9679,9680,9681,9682,9683,9684,9685,9686,9687,9688,9689,9690,9691,9692,9693,9694,9695,9696,9697,9698,9699,9700,9701,9702,9703,9704,9705,9706,9707,9708,9709,9710,9711,9712,9713,9714,9715,9716,9717,9718,9719,9720,9721,9722,9723,9724,9725,9726,9727,9728,9729,9730,9731&#8243;][\/vc_column][\/vc_row]","og_url":"https:\/\/jubileraktynolit.com\/index.php\/oferta\/kolczyki\/","og_site_name":"Jubiler Gliwice AKTYNOLIT","article_modified_time":"2022-01-14T11:54:49+00:00","twitter_card":"summary_large_image","twitter_misc":{"Szacowany czas czytania":"1 minuta"},"schema":{"@context":"https:\/\/schema.org","@graph":[{"@type":"WebPage","@id":"https:\/\/jubileraktynolit.com\/index.php\/oferta\/kolczyki\/","url":"https:\/\/jubileraktynolit.com\/index.php\/oferta\/kolczyki\/","name":"Kolczyki - Jubiler Gliwice AKTYNOLIT","isPartOf":{"@id":"https:\/\/jubileraktynolit.com\/#website"},"datePublished":"2021-09-13T13:26:41+00:00","dateModified":"2022-01-14T11:54:49+00:00","breadcrumb":{"@id":"https:\/\/jubileraktynolit.com\/index.php\/oferta\/kolczyki\/#breadcrumb"},"inLanguage":"pl-PL","potentialAction":[{"@type":"ReadAction","target":["https:\/\/jubileraktynolit.com\/index.php\/oferta\/kolczyki\/"]}]},{"@type":"BreadcrumbList","@id":"https:\/\/jubileraktynolit.com\/index.php\/oferta\/kolczyki\/#breadcrumb","itemListElement":[{"@type":"ListItem","position":1,"name":"Home","item":"https:\/\/jubileraktynolit.com\/"},{"@type":"ListItem","position":2,"name":"Oferta","item":"https:\/\/jubileraktynolit.com\/index.php\/oferta\/"},{"@type":"ListItem","position":3,"name":"Kolczyki"}]},{"@type":"WebSite","@id":"https:\/\/jubileraktynolit.com\/#website","url":"https:\/\/jubileraktynolit.com\/","name":"Jubiler Gliwice AKTYNOLIT","description":"Obr\u0105czki, Z\u0142oto, Srebro, Pier\u015bcionki, Pier\u015bcionki zar\u0119czynowe, Obr\u0105czki \u015blubne, Kolczyki, Wisiorki, Bransolety, Bransoletki, Z\u0142ote, Naprawa Z\u0142ota, Naprawa Srebra, \u0141a\u0144cuszki","potentialAction":[{"@type":"SearchAction","target":{"@type":"EntryPoint","urlTemplate":"https:\/\/jubileraktynolit.com\/?s={search_term_string}"},"query-input":{"@type":"PropertyValueSpecification","valueRequired":true,"valueName":"search_term_string"}}],"inLanguage":"pl-PL"}]}},"jetpack_sharing_enabled":true,"_links":{"self":[{"href":"https:\/\/jubileraktynolit.com\/index.php\/wp-json\/wp\/v2\/pages\/8982","targetHints":{"allow":["GET"]}}],"collection":[{"href":"https:\/\/jubileraktynolit.com\/index.php\/wp-json\/wp\/v2\/pages"}],"about":[{"href":"https:\/\/jubileraktynolit.com\/index.php\/wp-json\/wp\/v2\/types\/page"}],"author":[{"embeddable":true,"href":"https:\/\/jubileraktynolit.com\/index.php\/wp-json\/wp\/v2\/users\/1"}],"replies":[{"embeddable":true,"href":"https:\/\/jubileraktynolit.com\/index.php\/wp-json\/wp\/v2\/comments?post=8982"}],"version-history":[{"count":4,"href":"https:\/\/jubileraktynolit.com\/index.php\/wp-json\/wp\/v2\/pages\/8982\/revisions"}],"predecessor-version":[{"id":9773,"href":"https:\/\/jubileraktynolit.com\/index.php\/wp-json\/wp\/v2\/pages\/8982\/revisions\/9773"}],"up":[{"embeddable":true,"href":"https:\/\/jubileraktynolit.com\/index.php\/wp-json\/wp\/v2\/pages\/483"}],"wp:attachment":[{"href":"https:\/\/jubileraktynolit.com\/index.php\/wp-json\/wp\/v2\/media?parent=8982"}],"curies":[{"name":"wp","href":"https:\/\/api.w.org\/{rel}","templated":true}]}}