{"id":8798,"date":"2021-09-13T13:52:18","date_gmt":"2021-09-13T12:52:18","guid":{"rendered":"https:\/\/aktynolit.eu\/?page_id=8798"},"modified":"2023-07-18T09:01:23","modified_gmt":"2023-07-18T08:01:23","slug":"pierscionki","status":"publish","type":"page","link":"https:\/\/jubileraktynolit.com\/index.php\/oferta\/pierscionki\/","title":{"rendered":"Pier\u015bcionki"},"content":{"rendered":"<p>[vc_row el_class=&#8221;custom-content-main&#8221;][vc_column][vc_masonry_media_grid style=&#8221;lazy&#8221; element_width=&#8221;2&#8243; item=&#8221;masonryMedia_ScaleWithContentBlock&#8221; grid_id=&#8221;vc_gid:1689666796774-bdc0cb8b-774a-6&#8243; include=&#8221;9406,9407,9408,9409,9410,9411,9412,9413,9414,9415,9416,9417,9418,9419,9420,9421,9422,9423,9424,9425,9426,9427,9428,9429,9430,9431,9433,9434,9436,9437,9614,9613,9612,9611,9610,9609,9608,9607,9606,9605,9604,9603,9602,9601,9600,9599,9598,9597,9596,9595,9594,9593,9592,9591,9590,9589,9588,9587,9586,9585,9584,9583,9582,9581,9580,9579,9578,9577,9576,9575,9574,9573,9572,9571,9570,9569,9568,9567,9566,9565,9564,9563,9562,9561,9560,9559,9558,9557,9556,9555,9554,9553,9552,9551,9550,9549,9548,9547,9546,9545,9544,9543,9542,9541,9540,9539,9538,9537,9536,9535,9534,9533,9532,9531,9530,9529,9528,9527,9526,9525,9524,9523,9522,9521,9520,9519,9518,9517,9516,9515,9514,9513,9512,9511,9510,9509,9508,9507,9506,9505,9504,9503,9502,9501,9500,9499,9498,9497,9496,9495,9494,9493,9492,9491,9490,9489,9488,9487,9486,9485,9484,9483,9482,9481,9480,9479,9478,9477,9476,9475,9474,9473,9472,9471,9470,9469,9468,9467,9466,9465,9464,9463,9462,9461,9460,9459,9458,9457,9456,9455,9454,9453,9452,9451,9450,9449,9448,9447,9446,9445,9444,9443,9442,9441,9440,9439,9438&#8243;][\/vc_column][\/vc_row]<\/p>\n","protected":false},"excerpt":{"rendered":"<p>[vc_row el_class=&#8221;custom-content-main&#8221;][vc_column][vc_masonry_media_grid style=&#8221;lazy&#8221; element_width=&#8221;2&#8243; item=&#8221;masonryMedia_ScaleWithContentBlock&#8221; grid_id=&#8221;vc_gid:1689666796774-bdc0cb8b-774a-6&#8243; include=&#8221;9406,9407,9408,9409,9410,9411,9412,9413,9414,9415,9416,9417,9418,9419,9420,9421,9422,9423,9424,9425,9426,9427,9428,9429,9430,9431,9433,9434,9436,9437,9614,9613,9612,9611,9610,9609,9608,9607,9606,9605,9604,9603,9602,9601,9600,9599,9598,9597,9596,9595,9594,9593,9592,9591,9590,9589,9588,9587,9586,9585,9584,9583,9582,9581,9580,9579,9578,9577,9576,9575,9574,9573,9572,9571,9570,9569,9568,9567,9566,9565,9564,9563,9562,9561,9560,9559,9558,9557,9556,9555,9554,9553,9552,9551,9550,9549,9548,9547,9546,9545,9544,9543,9542,9541,9540,9539,9538,9537,9536,9535,9534,9533,9532,9531,9530,9529,9528,9527,9526,9525,9524,9523,9522,9521,9520,9519,9518,9517,9516,9515,9514,9513,9512,9511,9510,9509,9508,9507,9506,9505,9504,9503,9502,9501,9500,9499,9498,9497,9496,9495,9494,9493,9492,9491,9490,9489,9488,9487,9486,9485,9484,9483,9482,9481,9480,9479,9478,9477,9476,9475,9474,9473,9472,9471,9470,9469,9468,9467,9466,9465,9464,9463,9462,9461,9460,9459,9458,9457,9456,9455,9454,9453,9452,9451,9450,9449,9448,9447,9446,9445,9444,9443,9442,9441,9440,9439,9438&#8243;][\/vc_column][\/vc_row]<\/p>\n","protected":false},"author":1,"featured_media":0,"parent":483,"menu_order":0,"comment_status":"closed","ping_status":"closed","template":"","meta":{"_monsterinsights_skip_tracking":false,"_monsterinsights_sitenote_active":false,"_monsterinsights_sitenote_note":"","_monsterinsights_sitenote_category":0,"footnotes":""},"class_list":["post-8798","page","type-page","status-publish","hentry"],"yoast_head":"<!-- This site is optimized with the Yoast SEO plugin v25.2 - https:\/\/yoast.com\/wordpress\/plugins\/seo\/ -->\n<title>Pier\u015bcionki - Jubiler Gliwice AKTYNOLIT<\/title>\n<meta name=\"robots\" content=\"index, follow, max-snippet:-1, max-image-preview:large, max-video-preview:-1\" \/>\n<link rel=\"canonical\" href=\"https:\/\/jubileraktynolit.com\/index.php\/oferta\/pierscionki\/\" \/>\n<meta property=\"og:locale\" content=\"pl_PL\" \/>\n<meta property=\"og:type\" content=\"article\" \/>\n<meta property=\"og:title\" content=\"Pier\u015bcionki - Jubiler Gliwice AKTYNOLIT\" \/>\n<meta property=\"og:description\" content=\"[vc_row el_class=&#8221;custom-content-main&#8221;][vc_column][vc_masonry_media_grid style=&#8221;lazy&#8221; element_width=&#8221;2&#8243; item=&#8221;masonryMedia_ScaleWithContentBlock&#8221; grid_id=&#8221;vc_gid:1689666796774-bdc0cb8b-774a-6&#8243; include=&#8221;9406,9407,9408,9409,9410,9411,9412,9413,9414,9415,9416,9417,9418,9419,9420,9421,9422,9423,9424,9425,9426,9427,9428,9429,9430,9431,9433,9434,9436,9437,9614,9613,9612,9611,9610,9609,9608,9607,9606,9605,9604,9603,9602,9601,9600,9599,9598,9597,9596,9595,9594,9593,9592,9591,9590,9589,9588,9587,9586,9585,9584,9583,9582,9581,9580,9579,9578,9577,9576,9575,9574,9573,9572,9571,9570,9569,9568,9567,9566,9565,9564,9563,9562,9561,9560,9559,9558,9557,9556,9555,9554,9553,9552,9551,9550,9549,9548,9547,9546,9545,9544,9543,9542,9541,9540,9539,9538,9537,9536,9535,9534,9533,9532,9531,9530,9529,9528,9527,9526,9525,9524,9523,9522,9521,9520,9519,9518,9517,9516,9515,9514,9513,9512,9511,9510,9509,9508,9507,9506,9505,9504,9503,9502,9501,9500,9499,9498,9497,9496,9495,9494,9493,9492,9491,9490,9489,9488,9487,9486,9485,9484,9483,9482,9481,9480,9479,9478,9477,9476,9475,9474,9473,9472,9471,9470,9469,9468,9467,9466,9465,9464,9463,9462,9461,9460,9459,9458,9457,9456,9455,9454,9453,9452,9451,9450,9449,9448,9447,9446,9445,9444,9443,9442,9441,9440,9439,9438&#8243;][\/vc_column][\/vc_row]\" \/>\n<meta property=\"og:url\" content=\"https:\/\/jubileraktynolit.com\/index.php\/oferta\/pierscionki\/\" \/>\n<meta property=\"og:site_name\" content=\"Jubiler Gliwice AKTYNOLIT\" \/>\n<meta property=\"article:modified_time\" content=\"2023-07-18T08:01:23+00:00\" \/>\n<meta name=\"twitter:card\" content=\"summary_large_image\" \/>\n<meta name=\"twitter:label1\" content=\"Szacowany czas czytania\" \/>\n\t<meta name=\"twitter:data1\" content=\"1 minuta\" \/>\n<script type=\"application\/ld+json\" class=\"yoast-schema-graph\">{\"@context\":\"https:\/\/schema.org\",\"@graph\":[{\"@type\":\"WebPage\",\"@id\":\"https:\/\/jubileraktynolit.com\/index.php\/oferta\/pierscionki\/\",\"url\":\"https:\/\/jubileraktynolit.com\/index.php\/oferta\/pierscionki\/\",\"name\":\"Pier\u015bcionki - Jubiler Gliwice AKTYNOLIT\",\"isPartOf\":{\"@id\":\"https:\/\/jubileraktynolit.com\/#website\"},\"datePublished\":\"2021-09-13T12:52:18+00:00\",\"dateModified\":\"2023-07-18T08:01:23+00:00\",\"breadcrumb\":{\"@id\":\"https:\/\/jubileraktynolit.com\/index.php\/oferta\/pierscionki\/#breadcrumb\"},\"inLanguage\":\"pl-PL\",\"potentialAction\":[{\"@type\":\"ReadAction\",\"target\":[\"https:\/\/jubileraktynolit.com\/index.php\/oferta\/pierscionki\/\"]}]},{\"@type\":\"BreadcrumbList\",\"@id\":\"https:\/\/jubileraktynolit.com\/index.php\/oferta\/pierscionki\/#breadcrumb\",\"itemListElement\":[{\"@type\":\"ListItem\",\"position\":1,\"name\":\"Home\",\"item\":\"https:\/\/jubileraktynolit.com\/\"},{\"@type\":\"ListItem\",\"position\":2,\"name\":\"Oferta\",\"item\":\"https:\/\/jubileraktynolit.com\/index.php\/oferta\/\"},{\"@type\":\"ListItem\",\"position\":3,\"name\":\"Pier\u015bcionki\"}]},{\"@type\":\"WebSite\",\"@id\":\"https:\/\/jubileraktynolit.com\/#website\",\"url\":\"https:\/\/jubileraktynolit.com\/\",\"name\":\"Jubiler Gliwice AKTYNOLIT\",\"description\":\"Obr\u0105czki, Z\u0142oto, Srebro, Pier\u015bcionki, Pier\u015bcionki zar\u0119czynowe, Obr\u0105czki \u015blubne, Kolczyki, Wisiorki, Bransolety, Bransoletki, Z\u0142ote, Naprawa Z\u0142ota, Naprawa Srebra, \u0141a\u0144cuszki\",\"potentialAction\":[{\"@type\":\"SearchAction\",\"target\":{\"@type\":\"EntryPoint\",\"urlTemplate\":\"https:\/\/jubileraktynolit.com\/?s={search_term_string}\"},\"query-input\":{\"@type\":\"PropertyValueSpecification\",\"valueRequired\":true,\"valueName\":\"search_term_string\"}}],\"inLanguage\":\"pl-PL\"}]}<\/script>\n<!-- \/ Yoast SEO plugin. -->","yoast_head_json":{"title":"Pier\u015bcionki - Jubiler Gliwice AKTYNOLIT","robots":{"index":"index","follow":"follow","max-snippet":"max-snippet:-1","max-image-preview":"max-image-preview:large","max-video-preview":"max-video-preview:-1"},"canonical":"https:\/\/jubileraktynolit.com\/index.php\/oferta\/pierscionki\/","og_locale":"pl_PL","og_type":"article","og_title":"Pier\u015bcionki - Jubiler Gliwice AKTYNOLIT","og_description":"[vc_row el_class=&#8221;custom-content-main&#8221;][vc_column][vc_masonry_media_grid style=&#8221;lazy&#8221; element_width=&#8221;2&#8243; item=&#8221;masonryMedia_ScaleWithContentBlock&#8221; grid_id=&#8221;vc_gid:1689666796774-bdc0cb8b-774a-6&#8243; include=&#8221;9406,9407,9408,9409,9410,9411,9412,9413,9414,9415,9416,9417,9418,9419,9420,9421,9422,9423,9424,9425,9426,9427,9428,9429,9430,9431,9433,9434,9436,9437,9614,9613,9612,9611,9610,9609,9608,9607,9606,9605,9604,9603,9602,9601,9600,9599,9598,9597,9596,9595,9594,9593,9592,9591,9590,9589,9588,9587,9586,9585,9584,9583,9582,9581,9580,9579,9578,9577,9576,9575,9574,9573,9572,9571,9570,9569,9568,9567,9566,9565,9564,9563,9562,9561,9560,9559,9558,9557,9556,9555,9554,9553,9552,9551,9550,9549,9548,9547,9546,9545,9544,9543,9542,9541,9540,9539,9538,9537,9536,9535,9534,9533,9532,9531,9530,9529,9528,9527,9526,9525,9524,9523,9522,9521,9520,9519,9518,9517,9516,9515,9514,9513,9512,9511,9510,9509,9508,9507,9506,9505,9504,9503,9502,9501,9500,9499,9498,9497,9496,9495,9494,9493,9492,9491,9490,9489,9488,9487,9486,9485,9484,9483,9482,9481,9480,9479,9478,9477,9476,9475,9474,9473,9472,9471,9470,9469,9468,9467,9466,9465,9464,9463,9462,9461,9460,9459,9458,9457,9456,9455,9454,9453,9452,9451,9450,9449,9448,9447,9446,9445,9444,9443,9442,9441,9440,9439,9438&#8243;][\/vc_column][\/vc_row]","og_url":"https:\/\/jubileraktynolit.com\/index.php\/oferta\/pierscionki\/","og_site_name":"Jubiler Gliwice AKTYNOLIT","article_modified_time":"2023-07-18T08:01:23+00:00","twitter_card":"summary_large_image","twitter_misc":{"Szacowany czas czytania":"1 minuta"},"schema":{"@context":"https:\/\/schema.org","@graph":[{"@type":"WebPage","@id":"https:\/\/jubileraktynolit.com\/index.php\/oferta\/pierscionki\/","url":"https:\/\/jubileraktynolit.com\/index.php\/oferta\/pierscionki\/","name":"Pier\u015bcionki - Jubiler Gliwice AKTYNOLIT","isPartOf":{"@id":"https:\/\/jubileraktynolit.com\/#website"},"datePublished":"2021-09-13T12:52:18+00:00","dateModified":"2023-07-18T08:01:23+00:00","breadcrumb":{"@id":"https:\/\/jubileraktynolit.com\/index.php\/oferta\/pierscionki\/#breadcrumb"},"inLanguage":"pl-PL","potentialAction":[{"@type":"ReadAction","target":["https:\/\/jubileraktynolit.com\/index.php\/oferta\/pierscionki\/"]}]},{"@type":"BreadcrumbList","@id":"https:\/\/jubileraktynolit.com\/index.php\/oferta\/pierscionki\/#breadcrumb","itemListElement":[{"@type":"ListItem","position":1,"name":"Home","item":"https:\/\/jubileraktynolit.com\/"},{"@type":"ListItem","position":2,"name":"Oferta","item":"https:\/\/jubileraktynolit.com\/index.php\/oferta\/"},{"@type":"ListItem","position":3,"name":"Pier\u015bcionki"}]},{"@type":"WebSite","@id":"https:\/\/jubileraktynolit.com\/#website","url":"https:\/\/jubileraktynolit.com\/","name":"Jubiler Gliwice AKTYNOLIT","description":"Obr\u0105czki, Z\u0142oto, Srebro, Pier\u015bcionki, Pier\u015bcionki zar\u0119czynowe, Obr\u0105czki \u015blubne, Kolczyki, Wisiorki, Bransolety, Bransoletki, Z\u0142ote, Naprawa Z\u0142ota, Naprawa Srebra, \u0141a\u0144cuszki","potentialAction":[{"@type":"SearchAction","target":{"@type":"EntryPoint","urlTemplate":"https:\/\/jubileraktynolit.com\/?s={search_term_string}"},"query-input":{"@type":"PropertyValueSpecification","valueRequired":true,"valueName":"search_term_string"}}],"inLanguage":"pl-PL"}]}},"jetpack_sharing_enabled":true,"_links":{"self":[{"href":"https:\/\/jubileraktynolit.com\/index.php\/wp-json\/wp\/v2\/pages\/8798","targetHints":{"allow":["GET"]}}],"collection":[{"href":"https:\/\/jubileraktynolit.com\/index.php\/wp-json\/wp\/v2\/pages"}],"about":[{"href":"https:\/\/jubileraktynolit.com\/index.php\/wp-json\/wp\/v2\/types\/page"}],"author":[{"embeddable":true,"href":"https:\/\/jubileraktynolit.com\/index.php\/wp-json\/wp\/v2\/users\/1"}],"replies":[{"embeddable":true,"href":"https:\/\/jubileraktynolit.com\/index.php\/wp-json\/wp\/v2\/comments?post=8798"}],"version-history":[{"count":5,"href":"https:\/\/jubileraktynolit.com\/index.php\/wp-json\/wp\/v2\/pages\/8798\/revisions"}],"predecessor-version":[{"id":9834,"href":"https:\/\/jubileraktynolit.com\/index.php\/wp-json\/wp\/v2\/pages\/8798\/revisions\/9834"}],"up":[{"embeddable":true,"href":"https:\/\/jubileraktynolit.com\/index.php\/wp-json\/wp\/v2\/pages\/483"}],"wp:attachment":[{"href":"https:\/\/jubileraktynolit.com\/index.php\/wp-json\/wp\/v2\/media?parent=8798"}],"curies":[{"name":"wp","href":"https:\/\/api.w.org\/{rel}","templated":true}]}}