{"id":711,"date":"2013-08-19T10:15:23","date_gmt":"2013-08-19T10:15:23","guid":{"rendered":"http:\/\/192.168.0.101\/user24\/mahesh\/?page_id=711"},"modified":"2022-01-14T09:36:31","modified_gmt":"2022-01-14T08:36:31","slug":"obraczki","status":"publish","type":"page","link":"https:\/\/jubileraktynolit.com\/index.php\/oferta\/obraczki\/","title":{"rendered":"Obr\u0105czki"},"content":{"rendered":"<p>[vc_row el_class=&#8221;custom-content-main&#8221;][vc_column][vc_masonry_media_grid style=&#8221;lazy&#8221; element_width=&#8221;2&#8243; item=&#8221;masonryMedia_ScaleWithContentBlock&#8221; grid_id=&#8221;vc_gid:1642148191282-845dbcef-092a-5&#8243; include=&#8221;9268,9269,9270,9271,9272,9273,9274,9275,9276,9277,9278,9279,9280,9281,9282,9283,9285,9286,9287,9288,9289,9290,9291,9292,9293,9294,9295,9296,9297,9298,9299,9300,9301,9302,9303,9304,9305,9306,9307,9308,9309,9310,9311,9312,9313,9314,9315,9316,9317,9318,9319,9320,9321,9322,9323,9324,9325,9326,9327,9328,9329,9330,9331,9332,9333,9334,9335,9336,9337,9338,9339,9340,9341,9342,9343,9344,9345,9346,9347,9348,9349,9350,9351,9352,9353,9354,9355,9356,9357,9358,9359,9360,9361,9362,9363,9364,9365,9366,9367,9368,9369,9370,9371,9372,9373,9374,9375,9376,9377,9378,9379,9380,9381,9382,9383,9384,9385,9386,9387,9388,9389,9390,9391,9392,9393,9394,9395,9396,9397,9398&#8243;][\/vc_column][\/vc_row]<\/p>\n","protected":false},"excerpt":{"rendered":"<p>[vc_row el_class=&#8221;custom-content-main&#8221;][vc_column][vc_masonry_media_grid style=&#8221;lazy&#8221; element_width=&#8221;2&#8243; item=&#8221;masonryMedia_ScaleWithContentBlock&#8221; grid_id=&#8221;vc_gid:1642148191282-845dbcef-092a-5&#8243; include=&#8221;9268,9269,9270,9271,9272,9273,9274,9275,9276,9277,9278,9279,9280,9281,9282,9283,9285,9286,9287,9288,9289,9290,9291,9292,9293,9294,9295,9296,9297,9298,9299,9300,9301,9302,9303,9304,9305,9306,9307,9308,9309,9310,9311,9312,9313,9314,9315,9316,9317,9318,9319,9320,9321,9322,9323,9324,9325,9326,9327,9328,9329,9330,9331,9332,9333,9334,9335,9336,9337,9338,9339,9340,9341,9342,9343,9344,9345,9346,9347,9348,9349,9350,9351,9352,9353,9354,9355,9356,9357,9358,9359,9360,9361,9362,9363,9364,9365,9366,9367,9368,9369,9370,9371,9372,9373,9374,9375,9376,9377,9378,9379,9380,9381,9382,9383,9384,9385,9386,9387,9388,9389,9390,9391,9392,9393,9394,9395,9396,9397,9398&#8243;][\/vc_column][\/vc_row]<\/p>\n","protected":false},"author":1,"featured_media":0,"parent":483,"menu_order":0,"comment_status":"closed","ping_status":"closed","template":"","meta":{"_monsterinsights_skip_tracking":false,"_monsterinsights_sitenote_active":false,"_monsterinsights_sitenote_note":"","_monsterinsights_sitenote_category":0,"footnotes":""},"class_list":["post-711","page","type-page","status-publish","hentry"],"yoast_head":"<!-- This site is optimized with the Yoast SEO plugin v25.2 - https:\/\/yoast.com\/wordpress\/plugins\/seo\/ -->\n<title>Obr\u0105czki - Jubiler Gliwice AKTYNOLIT<\/title>\n<meta name=\"robots\" content=\"index, follow, max-snippet:-1, max-image-preview:large, max-video-preview:-1\" \/>\n<link rel=\"canonical\" href=\"https:\/\/jubileraktynolit.com\/index.php\/oferta\/obraczki\/\" \/>\n<meta property=\"og:locale\" content=\"pl_PL\" \/>\n<meta property=\"og:type\" content=\"article\" \/>\n<meta property=\"og:title\" content=\"Obr\u0105czki - Jubiler Gliwice AKTYNOLIT\" \/>\n<meta property=\"og:description\" content=\"[vc_row el_class=&#8221;custom-content-main&#8221;][vc_column][vc_masonry_media_grid style=&#8221;lazy&#8221; element_width=&#8221;2&#8243; item=&#8221;masonryMedia_ScaleWithContentBlock&#8221; grid_id=&#8221;vc_gid:1642148191282-845dbcef-092a-5&#8243; include=&#8221;9268,9269,9270,9271,9272,9273,9274,9275,9276,9277,9278,9279,9280,9281,9282,9283,9285,9286,9287,9288,9289,9290,9291,9292,9293,9294,9295,9296,9297,9298,9299,9300,9301,9302,9303,9304,9305,9306,9307,9308,9309,9310,9311,9312,9313,9314,9315,9316,9317,9318,9319,9320,9321,9322,9323,9324,9325,9326,9327,9328,9329,9330,9331,9332,9333,9334,9335,9336,9337,9338,9339,9340,9341,9342,9343,9344,9345,9346,9347,9348,9349,9350,9351,9352,9353,9354,9355,9356,9357,9358,9359,9360,9361,9362,9363,9364,9365,9366,9367,9368,9369,9370,9371,9372,9373,9374,9375,9376,9377,9378,9379,9380,9381,9382,9383,9384,9385,9386,9387,9388,9389,9390,9391,9392,9393,9394,9395,9396,9397,9398&#8243;][\/vc_column][\/vc_row]\" \/>\n<meta property=\"og:url\" content=\"https:\/\/jubileraktynolit.com\/index.php\/oferta\/obraczki\/\" \/>\n<meta property=\"og:site_name\" content=\"Jubiler Gliwice AKTYNOLIT\" \/>\n<meta property=\"article:modified_time\" content=\"2022-01-14T08:36:31+00:00\" \/>\n<meta name=\"twitter:card\" content=\"summary_large_image\" \/>\n<meta name=\"twitter:label1\" content=\"Szacowany czas czytania\" \/>\n\t<meta name=\"twitter:data1\" content=\"1 minuta\" \/>\n<script type=\"application\/ld+json\" class=\"yoast-schema-graph\">{\"@context\":\"https:\/\/schema.org\",\"@graph\":[{\"@type\":\"WebPage\",\"@id\":\"https:\/\/jubileraktynolit.com\/index.php\/oferta\/obraczki\/\",\"url\":\"https:\/\/jubileraktynolit.com\/index.php\/oferta\/obraczki\/\",\"name\":\"Obr\u0105czki - Jubiler Gliwice AKTYNOLIT\",\"isPartOf\":{\"@id\":\"https:\/\/jubileraktynolit.com\/#website\"},\"datePublished\":\"2013-08-19T10:15:23+00:00\",\"dateModified\":\"2022-01-14T08:36:31+00:00\",\"breadcrumb\":{\"@id\":\"https:\/\/jubileraktynolit.com\/index.php\/oferta\/obraczki\/#breadcrumb\"},\"inLanguage\":\"pl-PL\",\"potentialAction\":[{\"@type\":\"ReadAction\",\"target\":[\"https:\/\/jubileraktynolit.com\/index.php\/oferta\/obraczki\/\"]}]},{\"@type\":\"BreadcrumbList\",\"@id\":\"https:\/\/jubileraktynolit.com\/index.php\/oferta\/obraczki\/#breadcrumb\",\"itemListElement\":[{\"@type\":\"ListItem\",\"position\":1,\"name\":\"Home\",\"item\":\"https:\/\/jubileraktynolit.com\/\"},{\"@type\":\"ListItem\",\"position\":2,\"name\":\"Oferta\",\"item\":\"https:\/\/jubileraktynolit.com\/index.php\/oferta\/\"},{\"@type\":\"ListItem\",\"position\":3,\"name\":\"Obr\u0105czki\"}]},{\"@type\":\"WebSite\",\"@id\":\"https:\/\/jubileraktynolit.com\/#website\",\"url\":\"https:\/\/jubileraktynolit.com\/\",\"name\":\"Jubiler Gliwice AKTYNOLIT\",\"description\":\"Obr\u0105czki, Z\u0142oto, Srebro, Pier\u015bcionki, Pier\u015bcionki zar\u0119czynowe, Obr\u0105czki \u015blubne, Kolczyki, Wisiorki, Bransolety, Bransoletki, Z\u0142ote, Naprawa Z\u0142ota, Naprawa Srebra, \u0141a\u0144cuszki\",\"potentialAction\":[{\"@type\":\"SearchAction\",\"target\":{\"@type\":\"EntryPoint\",\"urlTemplate\":\"https:\/\/jubileraktynolit.com\/?s={search_term_string}\"},\"query-input\":{\"@type\":\"PropertyValueSpecification\",\"valueRequired\":true,\"valueName\":\"search_term_string\"}}],\"inLanguage\":\"pl-PL\"}]}<\/script>\n<!-- \/ Yoast SEO plugin. -->","yoast_head_json":{"title":"Obr\u0105czki - Jubiler Gliwice AKTYNOLIT","robots":{"index":"index","follow":"follow","max-snippet":"max-snippet:-1","max-image-preview":"max-image-preview:large","max-video-preview":"max-video-preview:-1"},"canonical":"https:\/\/jubileraktynolit.com\/index.php\/oferta\/obraczki\/","og_locale":"pl_PL","og_type":"article","og_title":"Obr\u0105czki - Jubiler Gliwice AKTYNOLIT","og_description":"[vc_row el_class=&#8221;custom-content-main&#8221;][vc_column][vc_masonry_media_grid style=&#8221;lazy&#8221; element_width=&#8221;2&#8243; item=&#8221;masonryMedia_ScaleWithContentBlock&#8221; grid_id=&#8221;vc_gid:1642148191282-845dbcef-092a-5&#8243; include=&#8221;9268,9269,9270,9271,9272,9273,9274,9275,9276,9277,9278,9279,9280,9281,9282,9283,9285,9286,9287,9288,9289,9290,9291,9292,9293,9294,9295,9296,9297,9298,9299,9300,9301,9302,9303,9304,9305,9306,9307,9308,9309,9310,9311,9312,9313,9314,9315,9316,9317,9318,9319,9320,9321,9322,9323,9324,9325,9326,9327,9328,9329,9330,9331,9332,9333,9334,9335,9336,9337,9338,9339,9340,9341,9342,9343,9344,9345,9346,9347,9348,9349,9350,9351,9352,9353,9354,9355,9356,9357,9358,9359,9360,9361,9362,9363,9364,9365,9366,9367,9368,9369,9370,9371,9372,9373,9374,9375,9376,9377,9378,9379,9380,9381,9382,9383,9384,9385,9386,9387,9388,9389,9390,9391,9392,9393,9394,9395,9396,9397,9398&#8243;][\/vc_column][\/vc_row]","og_url":"https:\/\/jubileraktynolit.com\/index.php\/oferta\/obraczki\/","og_site_name":"Jubiler Gliwice AKTYNOLIT","article_modified_time":"2022-01-14T08:36:31+00:00","twitter_card":"summary_large_image","twitter_misc":{"Szacowany czas czytania":"1 minuta"},"schema":{"@context":"https:\/\/schema.org","@graph":[{"@type":"WebPage","@id":"https:\/\/jubileraktynolit.com\/index.php\/oferta\/obraczki\/","url":"https:\/\/jubileraktynolit.com\/index.php\/oferta\/obraczki\/","name":"Obr\u0105czki - Jubiler Gliwice AKTYNOLIT","isPartOf":{"@id":"https:\/\/jubileraktynolit.com\/#website"},"datePublished":"2013-08-19T10:15:23+00:00","dateModified":"2022-01-14T08:36:31+00:00","breadcrumb":{"@id":"https:\/\/jubileraktynolit.com\/index.php\/oferta\/obraczki\/#breadcrumb"},"inLanguage":"pl-PL","potentialAction":[{"@type":"ReadAction","target":["https:\/\/jubileraktynolit.com\/index.php\/oferta\/obraczki\/"]}]},{"@type":"BreadcrumbList","@id":"https:\/\/jubileraktynolit.com\/index.php\/oferta\/obraczki\/#breadcrumb","itemListElement":[{"@type":"ListItem","position":1,"name":"Home","item":"https:\/\/jubileraktynolit.com\/"},{"@type":"ListItem","position":2,"name":"Oferta","item":"https:\/\/jubileraktynolit.com\/index.php\/oferta\/"},{"@type":"ListItem","position":3,"name":"Obr\u0105czki"}]},{"@type":"WebSite","@id":"https:\/\/jubileraktynolit.com\/#website","url":"https:\/\/jubileraktynolit.com\/","name":"Jubiler Gliwice AKTYNOLIT","description":"Obr\u0105czki, Z\u0142oto, Srebro, Pier\u015bcionki, Pier\u015bcionki zar\u0119czynowe, Obr\u0105czki \u015blubne, Kolczyki, Wisiorki, Bransolety, Bransoletki, Z\u0142ote, Naprawa Z\u0142ota, Naprawa Srebra, \u0141a\u0144cuszki","potentialAction":[{"@type":"SearchAction","target":{"@type":"EntryPoint","urlTemplate":"https:\/\/jubileraktynolit.com\/?s={search_term_string}"},"query-input":{"@type":"PropertyValueSpecification","valueRequired":true,"valueName":"search_term_string"}}],"inLanguage":"pl-PL"}]}},"jetpack_sharing_enabled":true,"_links":{"self":[{"href":"https:\/\/jubileraktynolit.com\/index.php\/wp-json\/wp\/v2\/pages\/711","targetHints":{"allow":["GET"]}}],"collection":[{"href":"https:\/\/jubileraktynolit.com\/index.php\/wp-json\/wp\/v2\/pages"}],"about":[{"href":"https:\/\/jubileraktynolit.com\/index.php\/wp-json\/wp\/v2\/types\/page"}],"author":[{"embeddable":true,"href":"https:\/\/jubileraktynolit.com\/index.php\/wp-json\/wp\/v2\/users\/1"}],"replies":[{"embeddable":true,"href":"https:\/\/jubileraktynolit.com\/index.php\/wp-json\/wp\/v2\/comments?post=711"}],"version-history":[{"count":22,"href":"https:\/\/jubileraktynolit.com\/index.php\/wp-json\/wp\/v2\/pages\/711\/revisions"}],"predecessor-version":[{"id":9403,"href":"https:\/\/jubileraktynolit.com\/index.php\/wp-json\/wp\/v2\/pages\/711\/revisions\/9403"}],"up":[{"embeddable":true,"href":"https:\/\/jubileraktynolit.com\/index.php\/wp-json\/wp\/v2\/pages\/483"}],"wp:attachment":[{"href":"https:\/\/jubileraktynolit.com\/index.php\/wp-json\/wp\/v2\/media?parent=711"}],"curies":[{"name":"wp","href":"https:\/\/api.w.org\/{rel}","templated":true}]}}